{"id":468,"date":"2025-07-10T10:04:23","date_gmt":"2025-07-10T08:04:23","guid":{"rendered":"https:\/\/gardarelais.com\/?page_id=468"},"modified":"2026-04-29T15:33:19","modified_gmt":"2026-04-29T13:33:19","slug":"unsere-geschichte","status":"publish","type":"page","link":"https:\/\/gardarelais.com\/de\/la-nostra-storia\/","title":{"rendered":"Unsere Geschichte"},"content":{"rendered":"<section class=\"bde-section-468-144 bde-section\">\n              \n  \n  \n\t\n\n  <div class=\"section-background-overlay\"><\/div>\n\n\n<div class=\"section-container\"><div class=\"bde-div-468-145 bde-div\">\n  \n  \n\t\n\n\n\n<div class=\"bde-image-468-146 bde-image\" data-parallax=\"true\">\n<figure class=\"breakdance-image breakdance-image--1700\">\n\t<div class=\"breakdance-image-container\">\n\t\t<div class=\"breakdance-image-clip\"><img loading=\"lazy\" decoding=\"async\" class=\"breakdance-image-object\" src=\"https:\/\/gardarelais.com\/wp-content\/uploads\/2026\/04\/Fiore-beige.png\" width=\"89\" height=\"90\" srcset=\"https:\/\/gardarelais.com\/wp-content\/uploads\/2026\/04\/Fiore-beige.png 89w, https:\/\/gardarelais.com\/wp-content\/uploads\/2026\/04\/Fiore-beige-12x12.png 12w\" sizes=\"auto, (max-width: 89px) 100vw, 89px\"><\/div>\n\t<\/div><\/figure>\n\n<\/div><h1 class=\"bde-heading-468-147 bde-heading\">\nUnsere Geschichte\n<\/h1>\n<\/div><\/div>\n<\/section><section class=\"bde-section-468-103 bde-section\">\n  \n  \n\t\n\n\n\n<div class=\"section-container\"><div class=\"bde-columns-468-104 bde-columns\"><div class=\"bde-column-468-105 bde-column\">\n  \n  \n\t\n\n\n\n<h2 class=\"bde-heading-468-107 bde-heading\">\nGeschichte des Hauses und der Familie Vincenzi<br>\n<\/h2><div class=\"bde-text-468-108 bde-text\">\nDas Familienhaus in der Via Milano 77 in Castelnuovo del Garda ist seit Generationen das Herzst\u00fcck der Familie Vincenzi. Das Haus liegt an einer der Hauptstra\u00dfen des Dorfes und war nicht nur ein Ort des t\u00e4glichen Lebens, sondern auch ein Raum f\u00fcr Arbeit, M\u00fche und handwerkliches Geschick.<br><br>Im Laufe der Jahre haben sich innerhalb dieser Mauern die Geschichten mehrerer Generationen miteinander verflochten, verbunden durch ein starkes Zugeh\u00f6rigkeitsgef\u00fchl und eine Tradition handwerklicher Arbeit. Die Familie Vincenzi hat die Ver\u00e4nderungen des Gebiets miterlebt und sich von einer l\u00e4ndlichen Realit\u00e4t in einen immer moderneren Kontext entwickelt, ohne jedoch jemals die Verbindung zu ihren Wurzeln zu verlieren.<br><br>Das Haus wurde Ende des 19. Jahrhunderts erbaut, als Nicola und Maria Vincenzi (im Jahr 1890) das Grundst\u00fcck erwarben und mit dem Bau begannen. Urspr\u00fcnglich als Familienwohnsitz gedacht, entwickelte es sich im Laufe der Zeit zu einem lebendigen Zentrum, in dem Arbeit, Beziehungen und das h\u00e4usliche Leben t\u00e4glich miteinander verflochten waren.<br><br>Zentrale Figur dieser Geschichte ist der Sohn Guido Vincenzi (1883\/1963), ein geschickter Schreinermeisterunternehmer, der das Werk vollendete, das Haus fertigstellte und es in einen Ort nicht nur f\u00fcr das h\u00e4usliche Leben, sondern auch f\u00fcr die Produktionst\u00e4tigkeit verwandelte. Hinter dem Haus lie\u00df er die Barchesse und seine Schreinerei bauen, wodurch ein Komplex entstand, der typisch f\u00fcr die artisanen Realit\u00e4ten der damaligen Zeit war, wo Wohnen und Arbeiten in einem t\u00e4glichen Gleichgewicht zusammenlebten.<br>\n<\/div>\n<\/div><div class=\"bde-column-468-123 bde-column\" data-entrance=\"slideUp\">\n  \n  \n\t\n\n\n\n\n<\/div><\/div><\/div>\n<\/section><section class=\"bde-section-468-149 bde-section\">\n  \n  \n\t\n\n\n\n<div class=\"section-container\"><div class=\"bde-columns-468-150 bde-columns\"><div class=\"bde-column-468-154 bde-column\" data-entrance=\"slideUp\">\n  \n  \n\t\n\n\n\n\n<\/div><div class=\"bde-column-468-151 bde-column\">\n  \n  \n\t\n\n\n\n<div class=\"bde-text-468-153 bde-text\">\nGuido war ein versierter und erfahrener Tischler sowie ein tatkr\u00e4ftiger Unternehmer. In seiner Werkstatt produzierte er verschiedene Objekte f\u00fcr den Bausektor und die M\u00f6blierung (er richtete auch die Schulen des Dorfes ein). <br><br>Anschlie\u00dfend widmete er sich der Herstellung von Holzkarren f\u00fcr den Gep\u00e4cktransport an Bahnh\u00f6fen sowie f\u00fcr das Be- und Entladen von Vieh und arbeitete dabei mit dem Verkehrsministerium und den Italienischen Staatsbahnen zusammen. Seine T\u00e4tigkeit f\u00e4llt in eine Zeit, in der der Eisenbahnverkehr ein zentrales Element f\u00fcr die lokale Wirtschaft darstellte. Bahnh\u00f6fe waren Orte st\u00e4ndiger Bewegung, und die in der Schreinerei Vincenzi hergestellten Karren trugen konkret zu diesem System bei und wurden zu unverzichtbaren Werkzeugen f\u00fcr die t\u00e4gliche Arbeit.<br>Neben dieser Hauptt\u00e4tigkeit wickelte Guido au\u00dferdem einen wichtigen Auftrag f\u00fcr den Schneer\u00e4umdienst entlang der Bahnstrecke Verona-Brescia ab. <br><br>In einer Zeit, in der Schneef\u00e4lle h\u00e4ufig und \u00fcppig waren, erforderte diese Arbeit den Einsatz einer gro\u00dfen Anzahl von M\u00e4nnern: bis zu 800 R\u00e4umer t\u00e4glich.<br><br>Das Haus selbst wurde zum operativen Zentrum dieser Organisation: Hier fand die Rekrutierung der Arbeiter und ihre Bezahlung am Ende des Tages statt. Dies machte die Wohnung zu einem Bezugspunkt nicht nur f\u00fcr die Familie, sondern f\u00fcr die gesamte lokale Gemeinschaft.<br>Guido's professionalism was widely recognized: the certificates of qualification, which testify to his skills and the value of his work, are still visible in the stairwell of the house.<br>\n<\/div>\n<\/div><\/div><\/div>\n<\/section><section class=\"bde-section-468-155 bde-section\">\n  \n  \n\t\n\n\n\n<div class=\"section-container\"><div class=\"bde-columns-468-156 bde-columns\"><div class=\"bde-column-468-157 bde-column\">\n  \n  \n\t\n\n\n\n<h3 class=\"bde-heading-468-158 bde-heading\">\nDas Familienleben\n<\/h3><div class=\"bde-text-468-159 bde-text\">\nNach dem Tod der Gr\u00fcnder Nicola und Maria wurde das Haus weiterhin von der Familie bewohnt, angef\u00fchrt von Guido mit seiner Frau Teodolinda und ihren Kindern Giuseppe (1922\/1963), Lino (1927\/2010), Umberto (1930\/2013) und Giovanna (1936\/2015).<br>Mit ihnen lebte auch Elvira (1986\/1977), die Schwester von Guido, eine sehr geschickte und hochgesch\u00e4tzte Schneiderin. Ihr Atelier befand sich im Erdgeschoss, in dem Bereich, der heute dem Eingang der Einrichtung entspricht. Im ersten Stock ist noch ihre Singer-N\u00e4hmaschine erhalten, ein Symbol ihrer T\u00e4tigkeit und ihrer t\u00e4glichen Pr\u00e4senz.\n<\/div>\n<\/div><div class=\"bde-column-468-160 bde-column\" data-entrance=\"slideUp\">\n  \n  \n\t\n\n\n\n\n<\/div><\/div><\/div>\n<\/section><section class=\"bde-section-468-161 bde-section\">\n  \n  \n\t\n\n\n\n<div class=\"section-container\"><div class=\"bde-columns-468-162 bde-columns\"><div class=\"bde-column-468-163 bde-column\" data-entrance=\"slideUp\">\n  \n  \n\t\n\n\n\n\n<\/div><div class=\"bde-column-468-164 bde-column\">\n  \n  \n\t\n\n\n\n<h3 class=\"bde-heading-468-166 bde-heading\">\nDie Kriegsjahre<br>\n<\/h3><div class=\"bde-text-468-165 bde-text\">\nW\u00e4hrend des Zweiten Weltkriegs (1940\u20131945) erlebte das Haus eine der schwierigsten und bedeutsamsten Zeiten seiner Geschichte.<br><br>Das Wohnhaus wurde von deutschen Truppen beschlagnahmt und in ein Gebietsf\u00fchrungshauptquartier umgewandelt. Die Lagerhallen wurden mit Material f\u00fcr die Truppen gef\u00fcllt: Decken, Lebensmittel, Zigaretten und andere lebenswichtige G\u00fcter.<br>In diesem Kontext leisteten die jungen Br\u00fcder Vincenzi kleine, aber wichtige solidarische Taten: Sie entwendeten heimlich einen Teil dieser G\u00fcter, um sie an die von Krieg und Hunger hart getroffene lokale Bev\u00f6lkerung zu verteilen.<br><br>Im Haus befand sich ein Radio mit Plattenspieler (das heute noch im Fr\u00fchst\u00fccksraum steht), ein f\u00fcr die damalige Zeit seltenes und wertvolles Objekt. Nur sehr wenige Familien besa\u00dfen eines. Um dieses Radio versammelten sich t\u00e4glich viele Menschen aus der Umgebung, um die Nachrichten von der Front zu h\u00f6ren. Das Haus wurde so zu einem Ort der Begegnung, des Teilens und der Hoffnung, wo die Nachrichten die Stille und die Unsicherheit des Krieges durchbrachen.<br>\n<\/div>\n<\/div><\/div><\/div>\n<\/section><section class=\"bde-section-468-141 bde-section\">\n  \n  \n\t\n\n\n\n<div class=\"section-container\"><div class=\"bde-rich-text-468-142 bde-rich-text breakdance-rich-text-styles\">\n<p><span style=\"font-weight: 400;\">Die Nachkriegszeit (Zweiter Weltkrieg 1940\/1945) war f\u00fcr die Familie Vincenzi eine schwierige Zeit mit gro\u00dfen Ver\u00e4nderungen.<\/span><\/p>\n<\/div><\/div>\n<\/section><section class=\"bde-section-468-167 bde-section\">\n  \n  \n\t\n\n\n\n<div class=\"section-container\"><div class=\"bde-columns-468-168 bde-columns\"><div class=\"bde-column-468-169 bde-column\">\n  \n  \n\t\n\n\n\n<h3 class=\"bde-heading-468-170 bde-heading\">\nNachkriegszeit und Wiederaufbau: Ein neues Leben f\u00fcr das Zuhause<br>\n<\/h3><div class=\"bde-text-468-171 bde-text\">\nDie Tischlerei, die jahrelang f\u00fcr die Italienischen Staatsbahnen t\u00e4tig gewesen war, musste aufgrund des Verlusts der Bahnaufragungen schlie\u00dfen. Damit schloss sich ein wichtiger Teil der Arbeitsgeschichte der Familie.<br>Aber die Geschichte des Hauses fand kein Ende.<br>\n<\/div><h3 class=\"bde-heading-468-173 bde-heading\">\nFortsetzung einer Geschichte\n<\/h3><div class=\"bde-text-468-174 bde-text\">\nMit gro\u00dfem Unternehmergeist begann Guido zusammen mit seinen S\u00f6hnen eine neue Phase in der Geschichte des Hauses.<br>Vor dem Wohnhaus er\u00f6ffnete er eine Tankstelle, w\u00e4hrend er im unteren Teil, neben dem Hauptgeb\u00e4ude, zuerst eine Autoelektrikwerkstatt und sp\u00e4ter einen Reifenservice er\u00f6ffnete.<br>Diese neuen Aktivit\u00e4ten verwandelten das Haus erneut in einen Treffpunkt f\u00fcr Castelnuovo del Garda. Nicht mehr Tischlerei und Eisenbahn, sondern Mobilit\u00e4t, Betreuung und Dienstleistung f\u00fcr die lokale Gemeinschaft.<br>Viele Jahre lang blieb das Haus so ein lebendiger Ort, verbunden mit der Arbeit und dem Alltag des Dorfes.<br>1950 erweiterte sich die Familie durch die Hochzeit des Sohnes Giuseppe mit Gabriella und 1951 durch die Geburt des Sohnes Enzo.<br>Giuseppe startete auch ein neues Gesch\u00e4ft im Gro\u00dfhandel mit Schreibwaren und der Herstellung von Kugelschreibern, das Teile der R\u00e4umlichkeiten der ehemaligen Tischlerei nutzte.<br>1957 vergr\u00f6\u00dfert sich die Familie weiter durch die Heirat von Umberto und Rosa und 1958 durch die Geburt ihres Sohnes Guido Nicola. <br><br>\n<\/div>\n<\/div><div class=\"bde-column-468-172 bde-column\" data-entrance=\"slideUp\">\n  \n  \n\t\n\n\n\n\n<\/div><\/div><\/div>\n<\/section><section class=\"bde-section-468-175 bde-section\">\n  \n  \n\t\n\n\n\n<div class=\"section-container\"><div class=\"bde-columns-468-176 bde-columns\"><div class=\"bde-column-468-177 bde-column\" data-entrance=\"slideUp\">\n  \n  \n\t\n\n\n\n\n<\/div><div class=\"bde-column-468-178 bde-column\">\n  \n  \n\t\n\n\n\n<div class=\"bde-text-468-180 bde-text\">\nNach dem fr\u00fchen Tod seines \u00e4lteren Bruders Giuseppe und seines Vaters Guido im Jahr 1963 \u00fcbernahm Umberto Vincenzi (1930\u20132013), der dritt\u00e4lteste Sohn, die F\u00fchrung der Familie.<br>Nachdem der H\u00e4ndler vor dem Haus verkauft war, f\u00fchrte Umberto seine Reifengesch\u00e4ft noch jahrelang. Bis zum Erscheinen seines Sohnes Guido Nicola (Namen, die von seinem Gro\u00dfvater und Urgro\u00dfvater \u00fcbernommen wurden), der 1977 das Gesch\u00e4ft um einen Gro\u00dfhandel mit Reifen und Ersatzteilen f\u00fcr Autos erweiterte. <br>1982 wurde die bisherige T\u00e4tigkeit eingestellt und Guido Nicola nahm, weiterhin im Elternhaus, die T\u00e4tigkeit seines Onkels Giuseppe im Bereich der Kugelschreiberherstellung und Werbeartikel wieder auf.<br>Mit der Heirat von Guido Nicola und der anschlie\u00dfenden Geburt der Kinder (Marco, Alberto, Matteo) wuchs auch das Gesch\u00e4ft und wurde zwangsl\u00e4ufig in eine gro\u00dfe Anlage im Industriegebiet des Ortes verlegt.<br>Das Haus bleibt somit bis zum Tod von Umberto (2013) und seiner Frau Rosa (2017) alleiniger Wohnort der Familie.<br><br>Eine Geschichte, die nie abgebrochen ist, sondern im Laufe der Zeit einfach ihre Form ver\u00e4ndert hat.<br>Heute wurde das Haus in eine Touristenunterkunft umgewandelt, aber es bewahrt sorgf\u00e4ltig die Spuren seiner Vergangenheit.<br>Im Fr\u00fchst\u00fccksraum und in den G\u00e4ngen sind zahlreiche Originalobjekte der Familie ausgestellt: K\u00fcchenutensilien, M\u00f6bel, Werkb\u00e4nke und Tischlerwerkzeuge. An den W\u00e4nden sind alte Fotografien ausgestellt, seltene und wertvolle Zeugnisse einer Zeit, in der Bilder rar, aber sehr aussagekr\u00e4ftig waren.<br>\n<\/div>\n<\/div><\/div><\/div>\n<\/section><section class=\"bde-section-468-181 bde-section\">\n  \n  \n\t\n\n\n\n<div class=\"section-container\"><div class=\"bde-columns-468-182 bde-columns\"><div class=\"bde-column-468-183 bde-column\">\n  \n  \n\t\n\n\n\n<h3 class=\"bde-heading-468-184 bde-heading\">\nEin Ort, der erz\u00e4hlt<br>\n<\/h3><div class=\"bde-text-468-185 bde-text\">\nDas Haus der Familie Vincenzi ist nicht nur ein historisches Geb\u00e4ude, sondern ein Ort, der eine Geschichte von Arbeit, Einfallsreichtum, Solidarit\u00e4t und gemeinsamem Leben erz\u00e4hlt.<br>Vom ersten Holzbearbeitungsbetrieb von Guido, \u00fcber die Arbeit f\u00fcr die Eisenbahn, die Kriegsjahre bis hin zu den Aktivit\u00e4ten von Umberto und dann Guido Nicola und der in Gegenst\u00e4nden bewahrten Erinnerung \u2013 jede Ecke des Hauses zeugt von einer Vergangenheit, die in der Gegenwart weiterlebt.<br><br>Dieses Haus hatte schon immer eine Sache gemeinsam: Es war ein Ort der Arbeit, der Familie und des Dienstes an der Gemeinschaft.<br>Bewahrt die Erinnerung an ihre Vergangenheit in Ehren. Im Fr\u00fchst\u00fccksraum und in den Korridoren sind zahlreiche Originalgegenst\u00e4nde ausgestellt: in der Tischlerei gefertigte Schr\u00e4nke, Werkb\u00e4nke, ein antikes Telefon, eine mechanische Rechenmaschine, Waagen und andere K\u00fcchenger\u00e4te, die mit dem t\u00e4glichen Leben der Familie verbunden sind.<br><br>Diese Elemente sind keine einfachen Einrichtungsgegenst\u00e4nde, sondern Fragmente von Geschichte, die eine Realit\u00e4t von Arbeit, Handfertigkeit und tiefen famili\u00e4ren Beziehungen erz\u00e4hlen. Wenn man sich in den R\u00e4umen des Hauses bewegt, kann man noch immer die Identit\u00e4t dessen sp\u00fcren, der es Tag f\u00fcr Tag bewohnt und aufgebaut hat.<br><br>\n<\/div>\n<\/div><div class=\"bde-column-468-188 bde-column\" data-entrance=\"slideUp\">\n  \n  \n\t\n\n\n\n\n<\/div><\/div><\/div>\n<\/section>","protected":false},"excerpt":{"rendered":"<p>La nostra storia Storia della casa e della famiglia Vincenzi La casa di famiglia, in via Milano 77, a Castelnuovo del Garda, rappresenta da generazioni il cuore della famiglia Vincenzi. Situata lungo una delle vie principali del paese, la casa non \u00e8 stata soltanto un luogo di vita quotidiana, ma anche uno spazio di lavoro, [&hellip;]<\/p>\n","protected":false},"author":3,"featured_media":0,"parent":0,"menu_order":0,"comment_status":"closed","ping_status":"closed","template":"","meta":{"_breakdance_hide_in_design_set":false,"_breakdance_tags":"","footnotes":""},"class_list":["post-468","page","type-page","status-publish","hentry"],"_links":{"self":[{"href":"https:\/\/gardarelais.com\/de\/wp-json\/wp\/v2\/pages\/468","targetHints":{"allow":["GET"]}}],"collection":[{"href":"https:\/\/gardarelais.com\/de\/wp-json\/wp\/v2\/pages"}],"about":[{"href":"https:\/\/gardarelais.com\/de\/wp-json\/wp\/v2\/types\/page"}],"author":[{"embeddable":true,"href":"https:\/\/gardarelais.com\/de\/wp-json\/wp\/v2\/users\/3"}],"replies":[{"embeddable":true,"href":"https:\/\/gardarelais.com\/de\/wp-json\/wp\/v2\/comments?post=468"}],"version-history":[{"count":33,"href":"https:\/\/gardarelais.com\/de\/wp-json\/wp\/v2\/pages\/468\/revisions"}],"predecessor-version":[{"id":1716,"href":"https:\/\/gardarelais.com\/de\/wp-json\/wp\/v2\/pages\/468\/revisions\/1716"}],"wp:attachment":[{"href":"https:\/\/gardarelais.com\/de\/wp-json\/wp\/v2\/media?parent=468"}],"curies":[{"name":"wp","href":"https:\/\/api.w.org\/{rel}","templated":true}]}}