{"id":464,"date":"2025-07-10T10:04:07","date_gmt":"2025-07-10T08:04:07","guid":{"rendered":"https:\/\/gardarelais.com\/?page_id=464"},"modified":"2026-04-17T16:05:34","modified_gmt":"2026-04-17T14:05:34","slug":"aktivitaten","status":"publish","type":"page","link":"https:\/\/gardarelais.com\/de\/attivita\/","title":{"rendered":"Aktivit\u00e4ten"},"content":{"rendered":"<section class=\"bde-section-464-162 bde-section\">\n              \n  \n  \n\t\n\n  <div class=\"section-background-overlay\"><\/div>\n\n\n<div class=\"section-container\"><div class=\"bde-div-464-163 bde-div\">\n  \n  \n\t\n\n\n\n<div class=\"bde-image-464-164 bde-image\" data-parallax=\"true\">\n<figure class=\"breakdance-image breakdance-image--1497\">\n\t<div class=\"breakdance-image-container\">\n\t\t<div class=\"breakdance-image-clip\"><img loading=\"lazy\" decoding=\"async\" class=\"breakdance-image-object\" src=\"https:\/\/gardarelais.com\/wp-content\/uploads\/2026\/04\/truly-italy-icon.webp\" width=\"196\" height=\"195\" srcset=\"https:\/\/gardarelais.com\/wp-content\/uploads\/2026\/04\/truly-italy-icon.webp 196w, https:\/\/gardarelais.com\/wp-content\/uploads\/2026\/04\/truly-italy-icon-150x150.webp 150w, https:\/\/gardarelais.com\/wp-content\/uploads\/2026\/04\/truly-italy-icon-12x12.webp 12w\" sizes=\"auto, (max-width: 196px) 100vw, 196px\"><\/div>\n\t<\/div><\/figure>\n\n<\/div><h1 class=\"bde-heading-464-165 bde-heading\">\nAktivit\u00e4ten\n<\/h1>\n<\/div><div class=\"bde-text-464-166 bde-text\">\nVivi il territorio. Senza pensieri.<br>Non siamo solo una destinazione, siamo il punto di partenza della tua prossima storia. Dalle colline del Bardolino alle vette del Monte Baldo, il Garda offre infinite sfumature.\n<\/div><div class=\"bde-button-464-167 bde-button\">\n    \n                                    \n    \n    \n    \n    \n            \n                    \n            \n            \n\n    \n    \n    \n    \n    \n    <a class=\"breakdance-link button-atom button-atom--primary bde-button__button\" href=\"https:\/\/gardarelais.gardaway.it\/\" target=\"_blank\" data-type=\"url\"  >\n\n    \n        <span class=\"button-atom__text\">PRENOTA ONLINE LA TUA ESPERIENZA<\/span>\n\n        \n        \n                <\/a>\n\n    \n\n\n<\/div><\/div>\n<\/section><section class=\"bde-section-464-103 bde-section\">\n  \n  \n\t\n\n\n\n<div class=\"section-container\"><div class=\"bde-text-464-196 bde-text\">\n\n<\/div><div class=\"bde-columns-464-104 bde-columns\"><div class=\"bde-column-464-105 bde-column\">\n  \n  \n\t\n\n\n\n<div class=\"bde-text-464-106 bde-text\">\nGARDALAND, MOVIELAND PARK, CANEVAWORLD\n<\/div><h2 class=\"bde-heading-464-107 bde-heading\">\nBesuchen Sie die Vergn\u00fcgungsparks am unteren Gardasee \n<\/h2><div class=\"bde-text-464-108 bde-text\">\nGarda Relais \u00e8 comodamente situato nel lago di Garda meridionale, a pochi minuti di guida dai parchi divertimento pi\u00f9 popolari della regione: Gardaland, Movieland Park e Canevaworld sono tutti facilmente raggiungibili, e i biglietti possono essere acquistati direttamente in hotel o in anticipo.<br><br>Ob Sie nun den Adrenalinsto\u00df einer Achterbahn oder einen Tag Familienspa\u00df im Wasserpark suchen, unser Hotel ist die perfekte Wahl f\u00fcr Ihren Urlaub.<br><br>Non vediamo l'ora di darti il benvenuto al Garda Relais e di aiutarti a sfruttare al massimo il tuo soggiorno sul lago di Garda!\n<\/div><a class=\"bde-container-link-464-139 bde-container-link breakdance-link\" href=\"https:\/\/gardarelais.gardaway.it\/it\/categoria\/parchi-divertimento\" target=\"_blank\" data-type=\"url\">\n  \n  \n\t\n\n\n\n<div class=\"bde-text-464-140 bde-text\">\nPrenota i biglietti\n<\/div><div class=\"bde-icon-464-141 bde-icon\">\n\n    \n            <div class=\"bde-icon-icon breakdance-icon-atom\" >\n    \n                    <svg xmlns=\"http:\/\/www.w3.org\/2000\/svg\" width=\"83\" height=\"18\" viewbox=\"0 0 83 18\" fill=\"none\">\r\n<path d=\"M0.904785 9L80.0364 9.00001\" stroke=\"#151011\" stroke-width=\"3\"\/>\r\n<path d=\"M82.4837 8.63098C79.9004 8.22309 74.7337 6.10203 74.7337 0.880981\" stroke=\"#151011\" stroke-width=\"3\"\/>\r\n<path d=\"M82.4837 9.36902C79.9004 9.77691 74.7337 11.898 74.7337 17.119\" stroke=\"#151011\" stroke-width=\"3\"\/>\r\n<\/svg>\n        \n        \n        \n            <\/div>\n    \n\n\n<\/div>\n\n<\/a>\n<\/div><div class=\"bde-column-464-110 bde-column\" data-entrance=\"slideUp\">\n  \n  \n\t\n\n\n\n\n<\/div><\/div><\/div>\n<\/section><section class=\"bde-section-464-112 bde-section\">\n  \n  \n\t\n\n\n\n<div class=\"section-container\"><div class=\"bde-columns-464-113 bde-columns\"><div class=\"bde-column-464-119 bde-column\" data-entrance=\"slideUp\">\n  \n  \n\t\n\n\n\n\n<\/div><div class=\"bde-column-464-114 bde-column\">\n  \n  \n\t\n\n\n\n<div class=\"bde-text-464-115 bde-text\">\nVERMIETUNGSSERVICE\n<\/div><h2 class=\"bde-heading-464-116 bde-heading\">\nFahrr\u00e4der, Autos, Boote, Motorroller, um den Gardasee in Freiheit zu erleben.\n<\/h2><div class=\"bde-text-464-117 bde-text\">\nVuoi esplorare il Basso Lago di Garda in totale libert\u00e0? Al Garda Relais ti offriamo soluzioni comode e vantaggiose grazie alle nostre convenzioni con partner locali per il noleggio di bici, auto, van, barche e scooter.<br><br>Pedalare tra le colline moreniche, partire per una gita in barca, muoversi in autonomia tra i borghi gardesani o affrontare un tour on the road, troverai sempre il mezzo pi\u00f9 adatto alle tue esigenze.<br><br>Zuverl\u00e4ssigkeit, g\u00fcnstige Tarife und engagierte Unterst\u00fctzung: Wir k\u00fcmmern uns um alles, Sie m\u00fcssen nur noch entscheiden, wohin Sie gehen.\n<\/div><a class=\"bde-container-link-464-142 bde-container-link breakdance-link\" href=\"https:\/\/gardarelais.gardaway.it\/it\/categoria\/noleggi\" target=\"_blank\" data-type=\"url\">\n  \n  \n\t\n\n\n\n<div class=\"bde-text-464-143 bde-text\">\nPrenota il noleggio\n<\/div><div class=\"bde-icon-464-144 bde-icon\">\n\n    \n            <div class=\"bde-icon-icon breakdance-icon-atom\" >\n    \n                    <svg xmlns=\"http:\/\/www.w3.org\/2000\/svg\" width=\"83\" height=\"18\" viewbox=\"0 0 83 18\" fill=\"none\">\r\n<path d=\"M0.904785 9L80.0364 9.00001\" stroke=\"#151011\" stroke-width=\"3\"\/>\r\n<path d=\"M82.4837 8.63098C79.9004 8.22309 74.7337 6.10203 74.7337 0.880981\" stroke=\"#151011\" stroke-width=\"3\"\/>\r\n<path d=\"M82.4837 9.36902C79.9004 9.77691 74.7337 11.898 74.7337 17.119\" stroke=\"#151011\" stroke-width=\"3\"\/>\r\n<\/svg>\n        \n        \n        \n            <\/div>\n    \n\n\n<\/div>\n\n<\/a>\n<\/div><\/div><\/div>\n<\/section><section class=\"bde-section-464-120 bde-section\">\n  \n  \n\t\n\n\n\n<div class=\"section-container\"><div class=\"bde-columns-464-121 bde-columns\"><div class=\"bde-column-464-122 bde-column\">\n  \n  \n\t\n\n\n\n<div class=\"bde-text-464-123 bde-text\">\nTouren und Erlebnisse\n<\/div><h2 class=\"bde-heading-464-124 bde-heading\">\nUnvergessliche Touren durch Natur, Geschmack und Kultur\n<\/h2><div class=\"bde-text-464-125 bde-text\">\nScopri il meglio del territorio con le esperienze selezionate dal Garda Relais! Offriamo un\u2019ampia scelta di bike tour guidati, emozionanti boat tour sul lago, tour in bus panoramici, itinerari enogastronomici tra cantine e sapori locali, oltre a visite culturali nelle splendide citt\u00e0 vicine come Verona, Venezia o Mantova, accompagnati da esperte guide del territorio.<br><br>Egal, ob Sie die Natur, gutes Essen oder Kunst lieben, Sie werden das perfekte Erlebnis finden, um Ihren Aufenthalt zu etwas Besonderem zu machen.\n<\/div><a class=\"bde-container-link-464-145 bde-container-link breakdance-link\" href=\"https:\/\/gardarelais.gardaway.it\/it\/categoria\/tour-esperienze\" target=\"_blank\" data-type=\"url\">\n  \n  \n\t\n\n\n\n<div class=\"bde-text-464-146 bde-text\">\nPrenota esperienza\n<\/div><div class=\"bde-icon-464-147 bde-icon\">\n\n    \n            <div class=\"bde-icon-icon breakdance-icon-atom\" >\n    \n                    <svg xmlns=\"http:\/\/www.w3.org\/2000\/svg\" width=\"83\" height=\"18\" viewbox=\"0 0 83 18\" fill=\"none\">\r\n<path d=\"M0.904785 9L80.0364 9.00001\" stroke=\"#151011\" stroke-width=\"3\"\/>\r\n<path d=\"M82.4837 8.63098C79.9004 8.22309 74.7337 6.10203 74.7337 0.880981\" stroke=\"#151011\" stroke-width=\"3\"\/>\r\n<path d=\"M82.4837 9.36902C79.9004 9.77691 74.7337 11.898 74.7337 17.119\" stroke=\"#151011\" stroke-width=\"3\"\/>\r\n<\/svg>\n        \n        \n        \n            <\/div>\n    \n\n\n<\/div>\n\n<\/a>\n<\/div><div class=\"bde-column-464-127 bde-column\" data-entrance=\"slideUp\">\n  \n  \n\t\n\n\n\n\n<\/div><\/div><\/div>\n<\/section><section class=\"bde-section-464-168 bde-section\">\n  \n  \n\t\n\n\n\n<div class=\"section-container\"><div class=\"bde-columns-464-169 bde-columns\"><div class=\"bde-column-464-170 bde-column\">\n  \n  \n\t\n\n\n\n<img decoding=\"async\" class=\"bde-image2-464-171 bde-image2\" src=\"https:\/\/gardarelais.com\/wp-content\/uploads\/2026\/04\/truly-italy-logo.webp\" loading=\"lazy\" srcset=\"https:\/\/gardarelais.com\/wp-content\/uploads\/2026\/04\/truly-italy-logo.webp 600w, https:\/\/gardarelais.com\/wp-content\/uploads\/2026\/04\/truly-italy-logo-300x59.webp 300w, https:\/\/gardarelais.com\/wp-content\/uploads\/2026\/04\/truly-italy-logo-18x4.webp 18w\" sizes=\"(max-width: 600px) 100vw, 600px\"><h1 class=\"bde-heading-464-172 bde-heading\">\nEin authentisches Reiseerlebnis\n<\/h1>\n<\/div><div class=\"bde-column-464-173 bde-column\">\n  \n  \n\t\n\n\n\n<div class=\"bde-rich-text-464-174 bde-rich-text breakdance-rich-text-styles\">\n<p><span style=\"font-weight: 400;\">Teil der Sammlung sein <strong>Wahrhaftig Italien<\/strong> bedeutet, eine Idee authentischer Gastfreundschaft zu leben, die sich durch sorgf\u00e4ltige Details und eine tiefe Verbundenheit mit der Region auszeichnet. <strong>Garda Relais<\/strong>, vereinen wir modernes Design mit herzlicher Gastfreundschaft und schaffen so das ideale Ambiente f\u00fcr alle, die eine strategisch g\u00fcnstige, aber dennoch ruhige Basis im pulsierenden Herzen von suchen. <strong>Gardasee<\/strong>.<\/span><\/p>\n<\/div>\n<\/div><\/div><\/div>\n<\/section><section class=\"bde-section-464-175 bde-section\">\n  \n  \n\t\n\n\n\n<div class=\"section-container\"><div class=\"bde-logo-list-464-176 bde-logo-list gradient-overlay__both un-image-carousel-container\">\n\n  <div class=\"un-logo-bar__marquee-content carousel-type__infinite\">\n                            <div class=\"un-logo-bar__logo-wrapper\">\n          <img loading=\"lazy\" decoding=\"async\" class=\"breakdance-image-object\" src=\"https:\/\/gardarelais.com\/wp-content\/uploads\/2026\/04\/explore-1.webp\" width=\"858\" height=\"50\" srcset=\"https:\/\/gardarelais.com\/wp-content\/uploads\/2026\/04\/explore-1.webp 756w, https:\/\/gardarelais.com\/wp-content\/uploads\/2026\/04\/explore-1-300x20.webp 300w, https:\/\/gardarelais.com\/wp-content\/uploads\/2026\/04\/explore-1-18x1.webp 18w\" sizes=\"auto, (max-width: 858px) 100vw, 858px\">\n        <\/div>\n                                        <div class=\"un-logo-bar__logo-wrapper\">\n          <img loading=\"lazy\" decoding=\"async\" class=\"breakdance-image-object\" src=\"https:\/\/gardarelais.com\/wp-content\/uploads\/2026\/04\/explore-1.webp\" width=\"858\" height=\"50\" srcset=\"https:\/\/gardarelais.com\/wp-content\/uploads\/2026\/04\/explore-1.webp 756w, https:\/\/gardarelais.com\/wp-content\/uploads\/2026\/04\/explore-1-300x20.webp 300w, https:\/\/gardarelais.com\/wp-content\/uploads\/2026\/04\/explore-1-18x1.webp 18w\" sizes=\"auto, (max-width: 858px) 100vw, 858px\">\n        <\/div>\n                                        <div class=\"un-logo-bar__logo-wrapper\">\n          <img loading=\"lazy\" decoding=\"async\" class=\"breakdance-image-object\" src=\"https:\/\/gardarelais.com\/wp-content\/uploads\/2026\/04\/explore-1.webp\" width=\"858\" height=\"50\" srcset=\"https:\/\/gardarelais.com\/wp-content\/uploads\/2026\/04\/explore-1.webp 756w, https:\/\/gardarelais.com\/wp-content\/uploads\/2026\/04\/explore-1-300x20.webp 300w, https:\/\/gardarelais.com\/wp-content\/uploads\/2026\/04\/explore-1-18x1.webp 18w\" sizes=\"auto, (max-width: 858px) 100vw, 858px\">\n        <\/div>\n                                        <div class=\"un-logo-bar__logo-wrapper\">\n          <img loading=\"lazy\" decoding=\"async\" class=\"breakdance-image-object\" src=\"https:\/\/gardarelais.com\/wp-content\/uploads\/2026\/04\/explore-1.webp\" width=\"858\" height=\"50\" srcset=\"https:\/\/gardarelais.com\/wp-content\/uploads\/2026\/04\/explore-1.webp 756w, https:\/\/gardarelais.com\/wp-content\/uploads\/2026\/04\/explore-1-300x20.webp 300w, https:\/\/gardarelais.com\/wp-content\/uploads\/2026\/04\/explore-1-18x1.webp 18w\" sizes=\"auto, (max-width: 858px) 100vw, 858px\">\n        <\/div>\n                                        <div class=\"un-logo-bar__logo-wrapper\">\n          <img loading=\"lazy\" decoding=\"async\" class=\"breakdance-image-object\" src=\"https:\/\/gardarelais.com\/wp-content\/uploads\/2026\/04\/explore-1.webp\" width=\"858\" height=\"50\" srcset=\"https:\/\/gardarelais.com\/wp-content\/uploads\/2026\/04\/explore-1.webp 756w, https:\/\/gardarelais.com\/wp-content\/uploads\/2026\/04\/explore-1-300x20.webp 300w, https:\/\/gardarelais.com\/wp-content\/uploads\/2026\/04\/explore-1-18x1.webp 18w\" sizes=\"auto, (max-width: 858px) 100vw, 858px\">\n        <\/div>\n                                        <div class=\"un-logo-bar__logo-wrapper\">\n          <img loading=\"lazy\" decoding=\"async\" class=\"breakdance-image-object\" src=\"https:\/\/gardarelais.com\/wp-content\/uploads\/2026\/04\/explore-1.webp\" width=\"858\" height=\"50\" srcset=\"https:\/\/gardarelais.com\/wp-content\/uploads\/2026\/04\/explore-1.webp 756w, https:\/\/gardarelais.com\/wp-content\/uploads\/2026\/04\/explore-1-300x20.webp 300w, https:\/\/gardarelais.com\/wp-content\/uploads\/2026\/04\/explore-1-18x1.webp 18w\" sizes=\"auto, (max-width: 858px) 100vw, 858px\">\n        <\/div>\n                      <\/div>\n<\/div><\/div>\n<\/section><section class=\"bde-section-464-177 bde-section\">\n              \n  \n  \n\t\n\n  <div class=\"section-background-overlay\"><\/div>\n\n\n<div class=\"section-container\"><div class=\"bde-text-464-178 bde-text\">\nTESTIMONIALS\n<\/div><h2 class=\"bde-heading-464-179 bde-heading\">\nWas sagen sie \u00fcber uns?\n<\/h2><div class=\"bde-text-464-180 bde-text\">\nMit \u00fcber 1.900 Bewertungen auf Booking.com mit einer Bewertung von 9,1\/10 und \u00fcber 280 Bewertungen auf Airbnb mit 4,9\/5 sind unsere Kunden unsere beste und ehrlichste Werbung.\n<\/div><div class=\"bde-div-464-181 bde-div\">\n  \n  \n\t\n\n\n\n<div class=\"bde-div-464-182 bde-div\">\n  \n  \n\t\n\n\n\n<div class=\"bde-star-rating-464-183 bde-star-rating\">\n\n\n\n  <div class='bde-star-rating__wrapper'>\n    <svg xmlns=\"http:\/\/www.w3.org\/2000\/svg\" ifill=\"currentColor\" d=\"icon-star-full\" viewbox=\"0 0 32 32\"><path d=\"M32 12.408l-11.056-1.607-4.944-10.018-4.944 10.018-11.056 1.607 8 7.798-1.889 11.011 9.889-5.199 9.889 5.199-1.889-11.011 8-7.798z\"><\/path><\/svg>\n    <svg xmlns=\"http:\/\/www.w3.org\/2000\/svg\" ifill=\"currentColor\" d=\"icon-star-full\" viewbox=\"0 0 32 32\"><path d=\"M32 12.408l-11.056-1.607-4.944-10.018-4.944 10.018-11.056 1.607 8 7.798-1.889 11.011 9.889-5.199 9.889 5.199-1.889-11.011 8-7.798z\"><\/path><\/svg>\n    <svg xmlns=\"http:\/\/www.w3.org\/2000\/svg\" ifill=\"currentColor\" d=\"icon-star-full\" viewbox=\"0 0 32 32\"><path d=\"M32 12.408l-11.056-1.607-4.944-10.018-4.944 10.018-11.056 1.607 8 7.798-1.889 11.011 9.889-5.199 9.889 5.199-1.889-11.011 8-7.798z\"><\/path><\/svg>\n    <svg xmlns=\"http:\/\/www.w3.org\/2000\/svg\" ifill=\"currentColor\" d=\"icon-star-full\" viewbox=\"0 0 32 32\"><path d=\"M32 12.408l-11.056-1.607-4.944-10.018-4.944 10.018-11.056 1.607 8 7.798-1.889 11.011 9.889-5.199 9.889 5.199-1.889-11.011 8-7.798z\"><\/path><\/svg>\n    <svg xmlns=\"http:\/\/www.w3.org\/2000\/svg\" ifill=\"currentColor\" d=\"icon-star-full\" viewbox=\"0 0 32 32\"><path d=\"M32 12.408l-11.056-1.607-4.944-10.018-4.944 10.018-11.056 1.607 8 7.798-1.889 11.011 9.889-5.199 9.889 5.199-1.889-11.011 8-7.798z\"><\/path><\/svg>\n  <\/div>\n\n\n\n<svg width=\"0\" height=\"0\">\n<lineargradient id=\"starhalf183\" x1=\"0\" x2=\"100%\" y1=\"0\" y2=\"0\">\n        <stop offset=\"0%\" stop-color=\"orange\"><\/stop>\n \t\t<stop offset=\"0%\" stop-color=\"lightgrey\"><\/stop>\n<\/lineargradient>\n<\/svg>\n\n<\/div><div class=\"bde-div-464-184 bde-div\">\n  \n  \n\t\n\n\n\n<img decoding=\"async\" class=\"bde-image2-464-185 bde-image2\" src=\"https:\/\/gardarelais.com\/wp-content\/uploads\/2026\/01\/booking.webp\" loading=\"lazy\" srcset=\"https:\/\/gardarelais.com\/wp-content\/uploads\/2026\/01\/booking.webp 250w, https:\/\/gardarelais.com\/wp-content\/uploads\/2026\/01\/booking-12x12.webp 12w\" sizes=\"(max-width: 250px) 100vw, 250px\"><div class=\"bde-text-464-186 bde-text\">\n9,1\/10 auf Booking\n<\/div>\n<\/div>\n<\/div><div class=\"bde-div-464-187 bde-div\">\n  \n  \n\t\n\n\n\n<img decoding=\"async\" class=\"bde-image2-464-188 bde-image2\" src=\"https:\/\/gardarelais.com\/wp-content\/uploads\/2026\/04\/airbnb.webp\" loading=\"lazy\" srcset=\"https:\/\/gardarelais.com\/wp-content\/uploads\/2026\/04\/airbnb.webp 400w, https:\/\/gardarelais.com\/wp-content\/uploads\/2026\/04\/airbnb-300x300.webp 300w, https:\/\/gardarelais.com\/wp-content\/uploads\/2026\/04\/airbnb-150x150.webp 150w, https:\/\/gardarelais.com\/wp-content\/uploads\/2026\/04\/airbnb-12x12.webp 12w\" sizes=\"(max-width: 400px) 100vw, 400px\"><div class=\"bde-text-464-189 bde-text\">\n4,9\/5 auf Airbnb\n<\/div>\n<\/div><div class=\"bde-div-464-190 bde-div\">\n  \n  \n\t\n\n\n\n<img decoding=\"async\" class=\"bde-image2-464-191 bde-image2\" src=\"https:\/\/gardarelais.com\/wp-content\/uploads\/2026\/01\/tripadvisor.webp\" loading=\"lazy\" srcset=\"https:\/\/gardarelais.com\/wp-content\/uploads\/2026\/01\/tripadvisor.webp 200w, https:\/\/gardarelais.com\/wp-content\/uploads\/2026\/01\/tripadvisor-150x150.webp 150w, https:\/\/gardarelais.com\/wp-content\/uploads\/2026\/01\/tripadvisor-12x12.webp 12w\" sizes=\"(max-width: 200px) 100vw, 200px\"><div class=\"bde-text-464-192 bde-text\">\n4,8\/5 auf Tripadvisor\n<\/div>\n<\/div>\n<\/div><div class=\"bde-text-464-193 bde-text\">\n\u201cDer Aufenthalt in der Unterkunft hat uns sehr gut gefallen. Das Zimmer war gro\u00df und sauber, mit einem gro\u00dfen Fernseher. Das Badezimmer war sauber und hatte eine riesige Dusche. Das Fr\u00fchst\u00fcck war gut, mit s\u00fc\u00dfen und herzhaften Speisen. Empfehlenswert f\u00fcr alle, die die Ostseite des Gardasees und seine zahlreichen Attraktionen genie\u00dfen m\u00f6chten.\u201d<br><br>\u2014 Paolo\n<\/div><div class=\"bde-text-464-194 bde-text\">\n\u201cIch hatte das Vergn\u00fcgen, mit meinem Verlobten im Garda Relais zu \u00fcbernachten, schade, dass wir nur f\u00fcr 1 Nacht dort waren, wenn wir die Gelegenheit haben, werden wir auf jeden Fall wiederkommen: ausgezeichnete Lage mit Superm\u00e4rkten und Gesch\u00e4ften daneben, in kurzer Entfernung von Sirmione und Peschiera del Garda, makellose Sauberkeit und k\u00f6stliches Fr\u00fchst\u00fcck mit vielen Speisen, modernes, ger\u00e4umiges und sehr komfortables Zimmer mit allem Komfort, kostenlose Parkpl\u00e4tze, alles bis ins kleinste Detail gepflegt, kurz gesagt, es war ein Traum!\u201d<br><br>\u2014 Alessia\n<\/div><div class=\"bde-text-464-195 bde-text\">\n\u201cIch habe 2 N\u00e4chte in dieser wundersch\u00f6nen Unterkunft verbracht. Das Personal war super hilfsbereit, das Zimmer war makellos sauber, ruhig und sehr gem\u00fctlich, das kontinentale Fr\u00fchst\u00fcck war fantastisch (der beste Kokos-Muffin, den ich je gegessen habe). Was soll ich sagen?! Ich w\u00e4re gerne l\u00e4nger im Urlaub geblieben, aber die Pflicht ruft!\u201d<br><br>\u2014 Daniela\n<\/div><\/div>\n<\/section>","protected":false},"excerpt":{"rendered":"<p>Attivit\u00e0 Vivi il territorio. Senza pensieri.Non siamo solo una destinazione, siamo il punto di partenza della tua prossima storia. Dalle colline del Bardolino alle vette del Monte Baldo, il Garda offre infinite sfumature. PRENOTA ONLINE LA TUA ESPERIENZA GARDALAND, MOVIELAND PARK, CANEVAWORLD Visita i Parchi divertimento del basso Lago di Garda Garda Relais \u00e8 comodamente [&hellip;]<\/p>\n","protected":false},"author":3,"featured_media":0,"parent":0,"menu_order":0,"comment_status":"closed","ping_status":"closed","template":"","meta":{"_breakdance_hide_in_design_set":false,"_breakdance_tags":"","footnotes":""},"class_list":["post-464","page","type-page","status-publish","hentry"],"_links":{"self":[{"href":"https:\/\/gardarelais.com\/de\/wp-json\/wp\/v2\/pages\/464","targetHints":{"allow":["GET"]}}],"collection":[{"href":"https:\/\/gardarelais.com\/de\/wp-json\/wp\/v2\/pages"}],"about":[{"href":"https:\/\/gardarelais.com\/de\/wp-json\/wp\/v2\/types\/page"}],"author":[{"embeddable":true,"href":"https:\/\/gardarelais.com\/de\/wp-json\/wp\/v2\/users\/3"}],"replies":[{"embeddable":true,"href":"https:\/\/gardarelais.com\/de\/wp-json\/wp\/v2\/comments?post=464"}],"version-history":[{"count":38,"href":"https:\/\/gardarelais.com\/de\/wp-json\/wp\/v2\/pages\/464\/revisions"}],"predecessor-version":[{"id":1660,"href":"https:\/\/gardarelais.com\/de\/wp-json\/wp\/v2\/pages\/464\/revisions\/1660"}],"wp:attachment":[{"href":"https:\/\/gardarelais.com\/de\/wp-json\/wp\/v2\/media?parent=464"}],"curies":[{"name":"wp","href":"https:\/\/api.w.org\/{rel}","templated":true}]}}